{"id":879,"date":"2019-09-05T20:59:42","date_gmt":"2019-09-05T18:59:42","guid":{"rendered":"https:\/\/villanena-bol.com\/wp2\/?page_id=879"},"modified":"2024-03-04T09:31:09","modified_gmt":"2024-03-04T08:31:09","slug":"ueber-uns","status":"publish","type":"page","link":"https:\/\/villanena-bol.com\/de\/ueber-uns\/","title":{"rendered":"\u00dcber uns"},"content":{"rendered":"<h2><strong>Top-Qualit\u00e4t Apartments in Bol<\/strong><\/h2>\n<p>Das Haus liegt am \u00f6stlichen Stadtrand von Bol. Es ist nur 100 Meter von den sch\u00f6nen Str\u00e4nden \u201eMartinica\u201c und \u201eKotlina\u201c sowie ca. 400 Meter vom Stadtzentrum entfernt. Das Ferienhaus befindet sich in hervorragender Lage, die, selbst w\u00e4hrend der Hochsaison, Ruhe und Erholung bietet. Das Haus wurde aus dem bekannten wei\u00dfen \u201eBra\u010der Stein\u201c erbaut und verbindet traditionelle und moderne Bauweise miteinander.<\/p>\n<h3>Die Kombination von Luxus und Komfort \u2013 ist die beste Beschreibung f\u00fcr unsere Apartments.<\/h3>\n<p>Die Ferienwohnungen unterscheiden sich hinsichtlich Gr\u00f6\u00dfe und Kapazit\u00e4t. Alle Apartments sind komplett eingerichtet und verf\u00fcgen \u00fcber eine eigene Terrasse oder einen eigenen Balkon und bieten einen Blick auf das Meer.<\/p>\n<p>Um Ihnen eine optimale Erholung zu erm\u00f6glichen, sind unsere Apartments in Bol nach den h\u00f6chsten Standards ausgestattet. Alle Zimmer sind klimatisiert, verf\u00fcgen \u00fcber SAT-TV, WLAN, eine Waschmaschine und einen Geschirrsp\u00fcler und sind modern eingerichtet. Wir bieten Apartments von h\u00f6chster Qualit\u00e4t.<\/p>\n<p>&nbsp;<\/p>\n","protected":false},"excerpt":{"rendered":"<p>Top-Qualit\u00e4t Apartments in Bol Das Haus liegt am \u00f6stlichen Stadtrand von Bol. Es ist nur 100 Meter von den sch\u00f6nen Str\u00e4nden \u201eMartinica\u201c und \u201eKotlina\u201c sowie ca. 400 Meter vom Stadtzentrum &#8230;<\/p>\n","protected":false},"author":1,"featured_media":848,"parent":0,"menu_order":3,"comment_status":"closed","ping_status":"closed","template":"template-about.php","meta":{"_acf_changed":false,"footnotes":""},"class_list":["post-879","page","type-page","status-publish","has-post-thumbnail","hentry"],"acf":[],"yoast_head":"<!-- This site is optimized with the Yoast SEO plugin v24.2 - https:\/\/yoast.com\/wordpress\/plugins\/seo\/ -->\n<title>\u00dcber uns - Villa Nena<\/title>\n<meta name=\"robots\" content=\"index, follow, max-snippet:-1, max-image-preview:large, max-video-preview:-1\" \/>\n<link rel=\"canonical\" href=\"https:\/\/villanena-bol.com\/de\/ueber-uns\/\" \/>\n<meta property=\"og:locale\" content=\"de_DE\" \/>\n<meta property=\"og:type\" content=\"article\" \/>\n<meta property=\"og:title\" content=\"\u00dcber uns - Villa Nena\" \/>\n<meta property=\"og:description\" content=\"Top-Qualit\u00e4t Apartments in Bol Das Haus liegt am \u00f6stlichen Stadtrand von Bol. Es ist nur 100 Meter von den sch\u00f6nen Str\u00e4nden \u201eMartinica\u201c und \u201eKotlina\u201c sowie ca. 400 Meter vom Stadtzentrum ...\" \/>\n<meta property=\"og:url\" content=\"https:\/\/villanena-bol.com\/de\/ueber-uns\/\" \/>\n<meta property=\"og:site_name\" content=\"Villa Nena\" \/>\n<meta property=\"article:modified_time\" content=\"2024-03-04T08:31:09+00:00\" \/>\n<meta property=\"og:image\" content=\"https:\/\/villanena-bol.com\/wp2\/wp-content\/uploads\/2019\/09\/about-lead-1024x555.jpg\" \/>\n\t<meta property=\"og:image:width\" content=\"1024\" \/>\n\t<meta property=\"og:image:height\" content=\"555\" \/>\n\t<meta property=\"og:image:type\" content=\"image\/jpeg\" \/>\n<meta name=\"twitter:card\" content=\"summary_large_image\" \/>\n<meta name=\"twitter:label1\" content=\"Gesch\u00e4tzte Lesezeit\" \/>\n\t<meta name=\"twitter:data1\" content=\"2\u00a0Minuten\" \/>\n<script type=\"application\/ld+json\" class=\"yoast-schema-graph\">{\"@context\":\"https:\/\/schema.org\",\"@graph\":[{\"@type\":\"WebPage\",\"@id\":\"https:\/\/villanena-bol.com\/de\/ueber-uns\/\",\"url\":\"https:\/\/villanena-bol.com\/de\/ueber-uns\/\",\"name\":\"\u00dcber uns - Villa Nena\",\"isPartOf\":{\"@id\":\"https:\/\/villanena-bol.com\/#website\"},\"primaryImageOfPage\":{\"@id\":\"https:\/\/villanena-bol.com\/de\/ueber-uns\/#primaryimage\"},\"image\":{\"@id\":\"https:\/\/villanena-bol.com\/de\/ueber-uns\/#primaryimage\"},\"thumbnailUrl\":\"https:\/\/villanena-bol.com\/wp2\/wp-content\/uploads\/2019\/09\/about-lead.jpg\",\"datePublished\":\"2019-09-05T18:59:42+00:00\",\"dateModified\":\"2024-03-04T08:31:09+00:00\",\"breadcrumb\":{\"@id\":\"https:\/\/villanena-bol.com\/de\/ueber-uns\/#breadcrumb\"},\"inLanguage\":\"de\",\"potentialAction\":[{\"@type\":\"ReadAction\",\"target\":[\"https:\/\/villanena-bol.com\/de\/ueber-uns\/\"]}]},{\"@type\":\"ImageObject\",\"inLanguage\":\"de\",\"@id\":\"https:\/\/villanena-bol.com\/de\/ueber-uns\/#primaryimage\",\"url\":\"https:\/\/villanena-bol.com\/wp2\/wp-content\/uploads\/2019\/09\/about-lead.jpg\",\"contentUrl\":\"https:\/\/villanena-bol.com\/wp2\/wp-content\/uploads\/2019\/09\/about-lead.jpg\",\"width\":4032,\"height\":2184},{\"@type\":\"BreadcrumbList\",\"@id\":\"https:\/\/villanena-bol.com\/de\/ueber-uns\/#breadcrumb\",\"itemListElement\":[{\"@type\":\"ListItem\",\"position\":1,\"name\":\"Po\u010detna stranica\",\"item\":\"https:\/\/villanena-bol.com\/de\/\"},{\"@type\":\"ListItem\",\"position\":2,\"name\":\"\u00dcber uns\"}]},{\"@type\":\"WebSite\",\"@id\":\"https:\/\/villanena-bol.com\/#website\",\"url\":\"https:\/\/villanena-bol.com\/\",\"name\":\"Villa Nena\",\"description\":\"Luxuri\u00f6se Apartments in Bol\",\"publisher\":{\"@id\":\"https:\/\/villanena-bol.com\/#organization\"},\"potentialAction\":[{\"@type\":\"SearchAction\",\"target\":{\"@type\":\"EntryPoint\",\"urlTemplate\":\"https:\/\/villanena-bol.com\/?s={search_term_string}\"},\"query-input\":{\"@type\":\"PropertyValueSpecification\",\"valueRequired\":true,\"valueName\":\"search_term_string\"}}],\"inLanguage\":\"de\"},{\"@type\":\"Organization\",\"@id\":\"https:\/\/villanena-bol.com\/#organization\",\"name\":\"Villa Nena\",\"url\":\"https:\/\/villanena-bol.com\/\",\"logo\":{\"@type\":\"ImageObject\",\"inLanguage\":\"de\",\"@id\":\"https:\/\/villanena-bol.com\/#\/schema\/logo\/image\/\",\"url\":\"https:\/\/villanena-bol.com\/wp2\/wp-content\/uploads\/2019\/09\/logo-2.png\",\"contentUrl\":\"https:\/\/villanena-bol.com\/wp2\/wp-content\/uploads\/2019\/09\/logo-2.png\",\"width\":241,\"height\":80,\"caption\":\"Villa Nena\"},\"image\":{\"@id\":\"https:\/\/villanena-bol.com\/#\/schema\/logo\/image\/\"}}]}<\/script>\n<!-- \/ Yoast SEO plugin. -->","yoast_head_json":{"title":"\u00dcber uns - Villa Nena","robots":{"index":"index","follow":"follow","max-snippet":"max-snippet:-1","max-image-preview":"max-image-preview:large","max-video-preview":"max-video-preview:-1"},"canonical":"https:\/\/villanena-bol.com\/de\/ueber-uns\/","og_locale":"de_DE","og_type":"article","og_title":"\u00dcber uns - Villa Nena","og_description":"Top-Qualit\u00e4t Apartments in Bol Das Haus liegt am \u00f6stlichen Stadtrand von Bol. Es ist nur 100 Meter von den sch\u00f6nen Str\u00e4nden \u201eMartinica\u201c und \u201eKotlina\u201c sowie ca. 400 Meter vom Stadtzentrum ...","og_url":"https:\/\/villanena-bol.com\/de\/ueber-uns\/","og_site_name":"Villa Nena","article_modified_time":"2024-03-04T08:31:09+00:00","og_image":[{"width":1024,"height":555,"url":"https:\/\/villanena-bol.com\/wp2\/wp-content\/uploads\/2019\/09\/about-lead-1024x555.jpg","type":"image\/jpeg"}],"twitter_card":"summary_large_image","twitter_misc":{"Gesch\u00e4tzte Lesezeit":"2\u00a0Minuten"},"schema":{"@context":"https:\/\/schema.org","@graph":[{"@type":"WebPage","@id":"https:\/\/villanena-bol.com\/de\/ueber-uns\/","url":"https:\/\/villanena-bol.com\/de\/ueber-uns\/","name":"\u00dcber uns - Villa Nena","isPartOf":{"@id":"https:\/\/villanena-bol.com\/#website"},"primaryImageOfPage":{"@id":"https:\/\/villanena-bol.com\/de\/ueber-uns\/#primaryimage"},"image":{"@id":"https:\/\/villanena-bol.com\/de\/ueber-uns\/#primaryimage"},"thumbnailUrl":"https:\/\/villanena-bol.com\/wp2\/wp-content\/uploads\/2019\/09\/about-lead.jpg","datePublished":"2019-09-05T18:59:42+00:00","dateModified":"2024-03-04T08:31:09+00:00","breadcrumb":{"@id":"https:\/\/villanena-bol.com\/de\/ueber-uns\/#breadcrumb"},"inLanguage":"de","potentialAction":[{"@type":"ReadAction","target":["https:\/\/villanena-bol.com\/de\/ueber-uns\/"]}]},{"@type":"ImageObject","inLanguage":"de","@id":"https:\/\/villanena-bol.com\/de\/ueber-uns\/#primaryimage","url":"https:\/\/villanena-bol.com\/wp2\/wp-content\/uploads\/2019\/09\/about-lead.jpg","contentUrl":"https:\/\/villanena-bol.com\/wp2\/wp-content\/uploads\/2019\/09\/about-lead.jpg","width":4032,"height":2184},{"@type":"BreadcrumbList","@id":"https:\/\/villanena-bol.com\/de\/ueber-uns\/#breadcrumb","itemListElement":[{"@type":"ListItem","position":1,"name":"Po\u010detna stranica","item":"https:\/\/villanena-bol.com\/de\/"},{"@type":"ListItem","position":2,"name":"\u00dcber uns"}]},{"@type":"WebSite","@id":"https:\/\/villanena-bol.com\/#website","url":"https:\/\/villanena-bol.com\/","name":"Villa Nena","description":"Luxuri\u00f6se Apartments in Bol","publisher":{"@id":"https:\/\/villanena-bol.com\/#organization"},"potentialAction":[{"@type":"SearchAction","target":{"@type":"EntryPoint","urlTemplate":"https:\/\/villanena-bol.com\/?s={search_term_string}"},"query-input":{"@type":"PropertyValueSpecification","valueRequired":true,"valueName":"search_term_string"}}],"inLanguage":"de"},{"@type":"Organization","@id":"https:\/\/villanena-bol.com\/#organization","name":"Villa Nena","url":"https:\/\/villanena-bol.com\/","logo":{"@type":"ImageObject","inLanguage":"de","@id":"https:\/\/villanena-bol.com\/#\/schema\/logo\/image\/","url":"https:\/\/villanena-bol.com\/wp2\/wp-content\/uploads\/2019\/09\/logo-2.png","contentUrl":"https:\/\/villanena-bol.com\/wp2\/wp-content\/uploads\/2019\/09\/logo-2.png","width":241,"height":80,"caption":"Villa Nena"},"image":{"@id":"https:\/\/villanena-bol.com\/#\/schema\/logo\/image\/"}}]}},"_links":{"self":[{"href":"https:\/\/villanena-bol.com\/de\/wp-json\/wp\/v2\/pages\/879","targetHints":{"allow":["GET"]}}],"collection":[{"href":"https:\/\/villanena-bol.com\/de\/wp-json\/wp\/v2\/pages"}],"about":[{"href":"https:\/\/villanena-bol.com\/de\/wp-json\/wp\/v2\/types\/page"}],"author":[{"embeddable":true,"href":"https:\/\/villanena-bol.com\/de\/wp-json\/wp\/v2\/users\/1"}],"replies":[{"embeddable":true,"href":"https:\/\/villanena-bol.com\/de\/wp-json\/wp\/v2\/comments?post=879"}],"version-history":[{"count":2,"href":"https:\/\/villanena-bol.com\/de\/wp-json\/wp\/v2\/pages\/879\/revisions"}],"predecessor-version":[{"id":1965,"href":"https:\/\/villanena-bol.com\/de\/wp-json\/wp\/v2\/pages\/879\/revisions\/1965"}],"wp:featuredmedia":[{"embeddable":true,"href":"https:\/\/villanena-bol.com\/de\/wp-json\/wp\/v2\/media\/848"}],"wp:attachment":[{"href":"https:\/\/villanena-bol.com\/de\/wp-json\/wp\/v2\/media?parent=879"}],"curies":[{"name":"wp","href":"https:\/\/api.w.org\/{rel}","templated":true}]}}