{"id":1052,"date":"2020-02-28T18:51:51","date_gmt":"2020-02-28T17:51:51","guid":{"rendered":"https:\/\/villanena-bol.com\/?page_id=1052"},"modified":"2020-02-28T18:52:28","modified_gmt":"2020-02-28T17:52:28","slug":"kontakt","status":"publish","type":"page","link":"https:\/\/villanena-bol.com\/de\/kontakt\/","title":{"rendered":"Kontakt"},"content":{"rendered":"<h3>Bol Insel Bra\u010d<\/h3>\n<p>Bol liegt im zentralen Teil der S\u00fcdseite der Insel am Fu\u00dfe der Vidova Gora &#8211; dem h\u00f6chsten Gipfel aller adriatischen Inseln (778 m). Der Ort erstreckt sich \u00fcber mehrere Kilometer entlang der K\u00fcste. Das Meer in Bol ist extrem klar, die klaren Wellen sehen aus wie geschliffene Kristalle.<\/p>\n<p>Westlich von Bol ist der ZlatniRat strand- eine der sch\u00f6nsten Naturattraktionen der Adria. Wie eine Zunge erstreckt sie sich fast einen halben Kilometer ins Blau des Meeres. Es w\u00e4chst durch Ablagerung und Ablagerung winziger Kieselsteine um das Unterwasserriff.<\/p>\n","protected":false},"excerpt":{"rendered":"<p>Bol Insel Bra\u010d Bol liegt im zentralen Teil der S\u00fcdseite der Insel am Fu\u00dfe der Vidova Gora &#8211; dem h\u00f6chsten Gipfel aller adriatischen Inseln (778 m). Der Ort erstreckt sich &#8230;<\/p>\n","protected":false},"author":1,"featured_media":928,"parent":0,"menu_order":5,"comment_status":"closed","ping_status":"closed","template":"template-contact.php","meta":{"_acf_changed":false,"footnotes":""},"class_list":["post-1052","page","type-page","status-publish","has-post-thumbnail","hentry"],"acf":[],"yoast_head":"<!-- This site is optimized with the Yoast SEO plugin v24.2 - https:\/\/yoast.com\/wordpress\/plugins\/seo\/ -->\n<title>Kontakt - Villa Nena<\/title>\n<meta name=\"robots\" content=\"index, follow, max-snippet:-1, max-image-preview:large, max-video-preview:-1\" \/>\n<link rel=\"canonical\" href=\"https:\/\/villanena-bol.com\/de\/kontakt\/\" \/>\n<meta property=\"og:locale\" content=\"de_DE\" \/>\n<meta property=\"og:type\" content=\"article\" \/>\n<meta property=\"og:title\" content=\"Kontakt - Villa Nena\" \/>\n<meta property=\"og:description\" content=\"Bol Insel Bra\u010d Bol liegt im zentralen Teil der S\u00fcdseite der Insel am Fu\u00dfe der Vidova Gora &#8211; dem h\u00f6chsten Gipfel aller adriatischen Inseln (778 m). Der Ort erstreckt sich ...\" \/>\n<meta property=\"og:url\" content=\"https:\/\/villanena-bol.com\/de\/kontakt\/\" \/>\n<meta property=\"og:site_name\" content=\"Villa Nena\" \/>\n<meta property=\"article:modified_time\" content=\"2020-02-28T17:52:28+00:00\" \/>\n<meta property=\"og:image\" content=\"https:\/\/villanena-bol.com\/wp2\/wp-content\/uploads\/2019\/09\/villanena7.jpg\" \/>\n\t<meta property=\"og:image:width\" content=\"1440\" \/>\n\t<meta property=\"og:image:height\" content=\"644\" \/>\n\t<meta property=\"og:image:type\" content=\"image\/jpeg\" \/>\n<meta name=\"twitter:card\" content=\"summary_large_image\" \/>\n<script type=\"application\/ld+json\" class=\"yoast-schema-graph\">{\"@context\":\"https:\/\/schema.org\",\"@graph\":[{\"@type\":\"WebPage\",\"@id\":\"https:\/\/villanena-bol.com\/de\/kontakt\/\",\"url\":\"https:\/\/villanena-bol.com\/de\/kontakt\/\",\"name\":\"Kontakt - Villa Nena\",\"isPartOf\":{\"@id\":\"https:\/\/villanena-bol.com\/#website\"},\"primaryImageOfPage\":{\"@id\":\"https:\/\/villanena-bol.com\/de\/kontakt\/#primaryimage\"},\"image\":{\"@id\":\"https:\/\/villanena-bol.com\/de\/kontakt\/#primaryimage\"},\"thumbnailUrl\":\"https:\/\/villanena-bol.com\/wp2\/wp-content\/uploads\/2019\/09\/villanena7.jpg\",\"datePublished\":\"2020-02-28T17:51:51+00:00\",\"dateModified\":\"2020-02-28T17:52:28+00:00\",\"breadcrumb\":{\"@id\":\"https:\/\/villanena-bol.com\/de\/kontakt\/#breadcrumb\"},\"inLanguage\":\"de\",\"potentialAction\":[{\"@type\":\"ReadAction\",\"target\":[\"https:\/\/villanena-bol.com\/de\/kontakt\/\"]}]},{\"@type\":\"ImageObject\",\"inLanguage\":\"de\",\"@id\":\"https:\/\/villanena-bol.com\/de\/kontakt\/#primaryimage\",\"url\":\"https:\/\/villanena-bol.com\/wp2\/wp-content\/uploads\/2019\/09\/villanena7.jpg\",\"contentUrl\":\"https:\/\/villanena-bol.com\/wp2\/wp-content\/uploads\/2019\/09\/villanena7.jpg\",\"width\":1440,\"height\":644},{\"@type\":\"BreadcrumbList\",\"@id\":\"https:\/\/villanena-bol.com\/de\/kontakt\/#breadcrumb\",\"itemListElement\":[{\"@type\":\"ListItem\",\"position\":1,\"name\":\"Po\u010detna stranica\",\"item\":\"https:\/\/villanena-bol.com\/de\/\"},{\"@type\":\"ListItem\",\"position\":2,\"name\":\"Kontakt\"}]},{\"@type\":\"WebSite\",\"@id\":\"https:\/\/villanena-bol.com\/#website\",\"url\":\"https:\/\/villanena-bol.com\/\",\"name\":\"Villa Nena\",\"description\":\"Luxuri\u00f6se Apartments in Bol\",\"publisher\":{\"@id\":\"https:\/\/villanena-bol.com\/#organization\"},\"potentialAction\":[{\"@type\":\"SearchAction\",\"target\":{\"@type\":\"EntryPoint\",\"urlTemplate\":\"https:\/\/villanena-bol.com\/?s={search_term_string}\"},\"query-input\":{\"@type\":\"PropertyValueSpecification\",\"valueRequired\":true,\"valueName\":\"search_term_string\"}}],\"inLanguage\":\"de\"},{\"@type\":\"Organization\",\"@id\":\"https:\/\/villanena-bol.com\/#organization\",\"name\":\"Villa Nena\",\"url\":\"https:\/\/villanena-bol.com\/\",\"logo\":{\"@type\":\"ImageObject\",\"inLanguage\":\"de\",\"@id\":\"https:\/\/villanena-bol.com\/#\/schema\/logo\/image\/\",\"url\":\"https:\/\/villanena-bol.com\/wp2\/wp-content\/uploads\/2019\/09\/logo-2.png\",\"contentUrl\":\"https:\/\/villanena-bol.com\/wp2\/wp-content\/uploads\/2019\/09\/logo-2.png\",\"width\":241,\"height\":80,\"caption\":\"Villa Nena\"},\"image\":{\"@id\":\"https:\/\/villanena-bol.com\/#\/schema\/logo\/image\/\"}}]}<\/script>\n<!-- \/ Yoast SEO plugin. -->","yoast_head_json":{"title":"Kontakt - Villa Nena","robots":{"index":"index","follow":"follow","max-snippet":"max-snippet:-1","max-image-preview":"max-image-preview:large","max-video-preview":"max-video-preview:-1"},"canonical":"https:\/\/villanena-bol.com\/de\/kontakt\/","og_locale":"de_DE","og_type":"article","og_title":"Kontakt - Villa Nena","og_description":"Bol Insel Bra\u010d Bol liegt im zentralen Teil der S\u00fcdseite der Insel am Fu\u00dfe der Vidova Gora &#8211; dem h\u00f6chsten Gipfel aller adriatischen Inseln (778 m). Der Ort erstreckt sich ...","og_url":"https:\/\/villanena-bol.com\/de\/kontakt\/","og_site_name":"Villa Nena","article_modified_time":"2020-02-28T17:52:28+00:00","og_image":[{"width":1440,"height":644,"url":"https:\/\/villanena-bol.com\/wp2\/wp-content\/uploads\/2019\/09\/villanena7.jpg","type":"image\/jpeg"}],"twitter_card":"summary_large_image","schema":{"@context":"https:\/\/schema.org","@graph":[{"@type":"WebPage","@id":"https:\/\/villanena-bol.com\/de\/kontakt\/","url":"https:\/\/villanena-bol.com\/de\/kontakt\/","name":"Kontakt - Villa Nena","isPartOf":{"@id":"https:\/\/villanena-bol.com\/#website"},"primaryImageOfPage":{"@id":"https:\/\/villanena-bol.com\/de\/kontakt\/#primaryimage"},"image":{"@id":"https:\/\/villanena-bol.com\/de\/kontakt\/#primaryimage"},"thumbnailUrl":"https:\/\/villanena-bol.com\/wp2\/wp-content\/uploads\/2019\/09\/villanena7.jpg","datePublished":"2020-02-28T17:51:51+00:00","dateModified":"2020-02-28T17:52:28+00:00","breadcrumb":{"@id":"https:\/\/villanena-bol.com\/de\/kontakt\/#breadcrumb"},"inLanguage":"de","potentialAction":[{"@type":"ReadAction","target":["https:\/\/villanena-bol.com\/de\/kontakt\/"]}]},{"@type":"ImageObject","inLanguage":"de","@id":"https:\/\/villanena-bol.com\/de\/kontakt\/#primaryimage","url":"https:\/\/villanena-bol.com\/wp2\/wp-content\/uploads\/2019\/09\/villanena7.jpg","contentUrl":"https:\/\/villanena-bol.com\/wp2\/wp-content\/uploads\/2019\/09\/villanena7.jpg","width":1440,"height":644},{"@type":"BreadcrumbList","@id":"https:\/\/villanena-bol.com\/de\/kontakt\/#breadcrumb","itemListElement":[{"@type":"ListItem","position":1,"name":"Po\u010detna stranica","item":"https:\/\/villanena-bol.com\/de\/"},{"@type":"ListItem","position":2,"name":"Kontakt"}]},{"@type":"WebSite","@id":"https:\/\/villanena-bol.com\/#website","url":"https:\/\/villanena-bol.com\/","name":"Villa Nena","description":"Luxuri\u00f6se Apartments in Bol","publisher":{"@id":"https:\/\/villanena-bol.com\/#organization"},"potentialAction":[{"@type":"SearchAction","target":{"@type":"EntryPoint","urlTemplate":"https:\/\/villanena-bol.com\/?s={search_term_string}"},"query-input":{"@type":"PropertyValueSpecification","valueRequired":true,"valueName":"search_term_string"}}],"inLanguage":"de"},{"@type":"Organization","@id":"https:\/\/villanena-bol.com\/#organization","name":"Villa Nena","url":"https:\/\/villanena-bol.com\/","logo":{"@type":"ImageObject","inLanguage":"de","@id":"https:\/\/villanena-bol.com\/#\/schema\/logo\/image\/","url":"https:\/\/villanena-bol.com\/wp2\/wp-content\/uploads\/2019\/09\/logo-2.png","contentUrl":"https:\/\/villanena-bol.com\/wp2\/wp-content\/uploads\/2019\/09\/logo-2.png","width":241,"height":80,"caption":"Villa Nena"},"image":{"@id":"https:\/\/villanena-bol.com\/#\/schema\/logo\/image\/"}}]}},"_links":{"self":[{"href":"https:\/\/villanena-bol.com\/de\/wp-json\/wp\/v2\/pages\/1052","targetHints":{"allow":["GET"]}}],"collection":[{"href":"https:\/\/villanena-bol.com\/de\/wp-json\/wp\/v2\/pages"}],"about":[{"href":"https:\/\/villanena-bol.com\/de\/wp-json\/wp\/v2\/types\/page"}],"author":[{"embeddable":true,"href":"https:\/\/villanena-bol.com\/de\/wp-json\/wp\/v2\/users\/1"}],"replies":[{"embeddable":true,"href":"https:\/\/villanena-bol.com\/de\/wp-json\/wp\/v2\/comments?post=1052"}],"version-history":[{"count":2,"href":"https:\/\/villanena-bol.com\/de\/wp-json\/wp\/v2\/pages\/1052\/revisions"}],"predecessor-version":[{"id":1054,"href":"https:\/\/villanena-bol.com\/de\/wp-json\/wp\/v2\/pages\/1052\/revisions\/1054"}],"wp:featuredmedia":[{"embeddable":true,"href":"https:\/\/villanena-bol.com\/de\/wp-json\/wp\/v2\/media\/928"}],"wp:attachment":[{"href":"https:\/\/villanena-bol.com\/de\/wp-json\/wp\/v2\/media?parent=1052"}],"curies":[{"name":"wp","href":"https:\/\/api.w.org\/{rel}","templated":true}]}}